{"id":5071,"date":"2020-03-17T11:07:55","date_gmt":"2020-03-17T11:07:55","guid":{"rendered":"http:\/\/www.etierrayespacio.com\/?page_id=5071"},"modified":"2020-03-18T16:57:18","modified_gmt":"2020-03-18T16:57:18","slug":"analyse","status":"publish","type":"page","link":"https:\/\/etierrayespacio.com\/?page_id=5071&lang=fr","title":{"rendered":"&#8230; analys\u00e9"},"content":{"rendered":"<p>[vc_row][vc_column][vc_empty_space height=&#8221;52px&#8221;][\/vc_column][\/vc_row][vc_row][vc_column width=&#8221;2\/3&#8243;][vc_single_image image=&#8221;4813&#8243; img_size=&#8221;full&#8221;][\/vc_column][vc_column width=&#8221;1\/3&#8243; css=&#8221;.vc_custom_1584447045247{margin-top: 150px !important;}&#8221;][vc_column_text]<\/p>\n<h3 style=\"text-align: center;\">VERTICALIT\u00c9 ___<\/h3>\n<h3 style=\"text-align: center;\">INGRAVITY ___<\/h3>\n<h3 style=\"text-align: center;\">H\u00c9T\u00c9ROG\u00c9N\u00c9IT\u00c9 ___<\/h3>\n<p>[\/vc_column_text][\/vc_column][\/vc_row][vc_row][vc_column][vc_empty_space height=&#8221;52px&#8221;][\/vc_column][\/vc_row][vc_row full_width=&#8221;stretch_row_content&#8221; css=&#8221;.vc_custom_1584458151681{padding-right: 10% !important;padding-left: 10% !important;}&#8221;][vc_column]<div class=\"edgtf-elements-holder   edgtf-one-column  edgtf-responsive-mode-768 \" ><div class=\"edgtf-eh-item    \"  data-item-class=\"edgtf-eh-custom-3456\" data-1024-1280=\"0 103px 0 103px\" data-768-1024=\"0px 131px 0 125px\" data-680-768=\"0 82px 0 82px\" data-680=\"0 38px 0 38px\">\n\t<div class=\"edgtf-eh-item-inner\">\n\t\t<div class=\"edgtf-eh-item-content edgtf-eh-custom-3456\" style=\"padding: 0 145px 0 145px\">\n\t\t\t[vc_row_inner][vc_column_inner]<div class=\"edgtf-image-gallery  edgtf-ig-slider-type edgtf-normal-space  edgtf-image-behavior-lightbox edgtf-nav-position-outside\">\n\t<div class=\"edgtf-ig-slider edgtf-owl-slider\" data-number-of-items=\"1\" data-enable-loop=\"yes\" data-enable-autoplay=\"yes\" data-slider-speed=\"5000\" data-slider-speed-animation=\"600\" data-slider-padding=\"no\" data-enable-navigation=\"yes\" data-enable-pagination=\"no\">\n\t\t\t\t\t<div class=\"edgtf-ig-image\">\n\t\t\t\t\t\t\t\t\t<a itemprop=\"image\" class=\"edgtf-ig-lightbox edgtf-block-drag-link\" href=\"https:\/\/etierrayespacio.com\/wp-content\/uploads\/2020\/01\/DSCF6329.jpg\" data-rel=\"prettyPhoto[image_gallery_pretty_photo-860]\" title=\"DSCF6329\">\n\t\t\t\t\t\t\t\t\t<img loading=\"lazy\" decoding=\"async\" src=\"https:\/\/etierrayespacio.com\/wp-content\/uploads\/2020\/01\/DSCF6329-725x725.jpg\" alt=\"\" width=\"725\" height=\"725\" \/>\t\t\t\t\t\t\t\t\t<\/a>\n\t\t\t\t\t\t\t<\/div>\n\t\t\t\t\t<div class=\"edgtf-ig-image\">\n\t\t\t\t\t\t\t\t\t<a itemprop=\"image\" class=\"edgtf-ig-lightbox edgtf-block-drag-link\" href=\"https:\/\/etierrayespacio.com\/wp-content\/uploads\/2020\/01\/DSCF6353.jpg\" data-rel=\"prettyPhoto[image_gallery_pretty_photo-860]\" title=\"DSCF6353\">\n\t\t\t\t\t\t\t\t\t<img loading=\"lazy\" decoding=\"async\" src=\"https:\/\/etierrayespacio.com\/wp-content\/uploads\/2020\/01\/DSCF6353-725x725.jpg\" alt=\"\" width=\"725\" height=\"725\" \/>\t\t\t\t\t\t\t\t\t<\/a>\n\t\t\t\t\t\t\t<\/div>\n\t\t\t\t\t<div class=\"edgtf-ig-image\">\n\t\t\t\t\t\t\t\t\t<a itemprop=\"image\" class=\"edgtf-ig-lightbox edgtf-block-drag-link\" href=\"https:\/\/etierrayespacio.com\/wp-content\/uploads\/2020\/03\/DSCF63302-1.jpg\" data-rel=\"prettyPhoto[image_gallery_pretty_photo-860]\" title=\"DSCF63302\">\n\t\t\t\t\t\t\t\t\t<img loading=\"lazy\" decoding=\"async\" src=\"https:\/\/etierrayespacio.com\/wp-content\/uploads\/2020\/03\/DSCF63302-1-725x725.jpg\" alt=\"\" width=\"725\" height=\"725\" \/>\t\t\t\t\t\t\t\t\t<\/a>\n\t\t\t\t\t\t\t<\/div>\n\t\t\t\t\t<div class=\"edgtf-ig-image\">\n\t\t\t\t\t\t\t\t\t<a itemprop=\"image\" class=\"edgtf-ig-lightbox edgtf-block-drag-link\" href=\"https:\/\/etierrayespacio.com\/wp-content\/uploads\/2020\/01\/DSCF6347-1.jpg\" data-rel=\"prettyPhoto[image_gallery_pretty_photo-860]\" title=\"DSCF6347\">\n\t\t\t\t\t\t\t\t\t<img loading=\"lazy\" decoding=\"async\" src=\"https:\/\/etierrayespacio.com\/wp-content\/uploads\/2020\/01\/DSCF6347-1-725x725.jpg\" alt=\"\" width=\"725\" height=\"725\" \/>\t\t\t\t\t\t\t\t\t<\/a>\n\t\t\t\t\t\t\t<\/div>\n\t\t\t\t\t<div class=\"edgtf-ig-image\">\n\t\t\t\t\t\t\t\t\t<a itemprop=\"image\" class=\"edgtf-ig-lightbox edgtf-block-drag-link\" href=\"https:\/\/etierrayespacio.com\/wp-content\/uploads\/2020\/03\/DSCF6349.jpg\" data-rel=\"prettyPhoto[image_gallery_pretty_photo-860]\" title=\"DSCF6349\">\n\t\t\t\t\t\t\t\t\t<img loading=\"lazy\" decoding=\"async\" src=\"https:\/\/etierrayespacio.com\/wp-content\/uploads\/2020\/03\/DSCF6349-725x725.jpg\" alt=\"\" width=\"725\" height=\"725\" \/>\t\t\t\t\t\t\t\t\t<\/a>\n\t\t\t\t\t\t\t<\/div>\n\t\t\t\t\t<div class=\"edgtf-ig-image\">\n\t\t\t\t\t\t\t\t\t<a itemprop=\"image\" class=\"edgtf-ig-lightbox edgtf-block-drag-link\" href=\"https:\/\/etierrayespacio.com\/wp-content\/uploads\/2020\/01\/DSCF6335.jpg\" data-rel=\"prettyPhoto[image_gallery_pretty_photo-860]\" title=\"DSCF6335\">\n\t\t\t\t\t\t\t\t\t<img loading=\"lazy\" decoding=\"async\" src=\"https:\/\/etierrayespacio.com\/wp-content\/uploads\/2020\/01\/DSCF6335-725x725.jpg\" alt=\"\" width=\"725\" height=\"725\" \/>\t\t\t\t\t\t\t\t\t<\/a>\n\t\t\t\t\t\t\t<\/div>\n\t\t\t\t\t<div class=\"edgtf-ig-image\">\n\t\t\t\t\t\t\t\t\t<a itemprop=\"image\" class=\"edgtf-ig-lightbox edgtf-block-drag-link\" href=\"https:\/\/etierrayespacio.com\/wp-content\/uploads\/2020\/03\/DSCF6337.jpg\" data-rel=\"prettyPhoto[image_gallery_pretty_photo-860]\" title=\"DSCF6337\">\n\t\t\t\t\t\t\t\t\t<img loading=\"lazy\" decoding=\"async\" src=\"https:\/\/etierrayespacio.com\/wp-content\/uploads\/2020\/03\/DSCF6337-725x725.jpg\" alt=\"\" width=\"725\" height=\"725\" \/>\t\t\t\t\t\t\t\t\t<\/a>\n\t\t\t\t\t\t\t<\/div>\n\t\t\t<\/div>\n<\/div>[\/vc_column_inner][\/vc_row_inner]\t\t<\/div>\n\t<\/div>\n<\/div><\/div>[\/vc_column][\/vc_row][vc_row][vc_column][vc_empty_space height=&#8221;50px&#8221;][\/vc_column][\/vc_row][vc_row][vc_column width=&#8221;1\/3&#8243; css=&#8221;.vc_custom_1584549556086{margin-top: 80px !important;}&#8221;][vc_column_text]<\/p>\n<h3 style=\"text-align: center;\">reconstruire l&#8217;avenir___<\/h3>\n<p>[\/vc_column_text][\/vc_column][vc_column width=&#8221;2\/3&#8243;][vc_single_image image=&#8221;5266&#8243; img_size=&#8221;full&#8221;][\/vc_column][\/vc_row][vc_row][vc_column][vc_empty_space height=&#8221;50px&#8221;][\/vc_column][\/vc_row][vc_row full_width=&#8221;stretch_row_content&#8221; css=&#8221;.vc_custom_1584458151681{padding-right: 10% !important;padding-left: 10% !important;}&#8221;][vc_column]<div class=\"edgtf-elements-holder   edgtf-one-column  edgtf-responsive-mode-768 \" ><div class=\"edgtf-eh-item    \"  data-item-class=\"edgtf-eh-custom-7623\" data-1024-1280=\"0 103px 0 103px\" data-768-1024=\"0px 131px 0 125px\" data-680-768=\"0 82px 0 82px\" data-680=\"0 38px 0 38px\">\n\t<div class=\"edgtf-eh-item-inner\">\n\t\t<div class=\"edgtf-eh-item-content edgtf-eh-custom-7623\" style=\"padding: 0 145px 0 145px\">\n\t\t\t[vc_row_inner][vc_column_inner]<div class=\"edgtf-image-gallery  edgtf-ig-carousel-type edgtf-normal-space  edgtf-image-behavior-lightbox edgtf-nav-position-outside\">\n\t<div class=\"edgtf-ig-slider edgtf-owl-slider\" data-number-of-items=\"3\" data-enable-loop=\"yes\" data-enable-autoplay=\"yes\" data-slider-speed=\"5000\" data-slider-speed-animation=\"600\" data-slider-padding=\"no\" data-enable-navigation=\"yes\" data-enable-pagination=\"no\">\n\t\t\t\t\t<div class=\"edgtf-ig-image\">\n\t\t\t\t\t\t\t\t\t<a itemprop=\"image\" class=\"edgtf-ig-lightbox edgtf-block-drag-link\" href=\"https:\/\/etierrayespacio.com\/wp-content\/uploads\/2020\/03\/9-rd.jpg\" data-rel=\"prettyPhoto[image_gallery_pretty_photo-213]\" title=\"9 rd\">\n\t\t\t\t\t\t\t\t\t<img loading=\"lazy\" decoding=\"async\" src=\"https:\/\/etierrayespacio.com\/wp-content\/uploads\/2020\/03\/9-rd-725x725.jpg\" alt=\"\" width=\"725\" height=\"725\" \/>\t\t\t\t\t\t\t\t\t<\/a>\n\t\t\t\t\t\t\t<\/div>\n\t\t\t\t\t<div class=\"edgtf-ig-image\">\n\t\t\t\t\t\t\t\t\t<a itemprop=\"image\" class=\"edgtf-ig-lightbox edgtf-block-drag-link\" href=\"https:\/\/etierrayespacio.com\/wp-content\/uploads\/2020\/03\/5c.jpg\" data-rel=\"prettyPhoto[image_gallery_pretty_photo-213]\" title=\"5c\">\n\t\t\t\t\t\t\t\t\t<img loading=\"lazy\" decoding=\"async\" src=\"https:\/\/etierrayespacio.com\/wp-content\/uploads\/2020\/03\/5c-725x725.jpg\" alt=\"\" width=\"725\" height=\"725\" \/>\t\t\t\t\t\t\t\t\t<\/a>\n\t\t\t\t\t\t\t<\/div>\n\t\t\t\t\t<div class=\"edgtf-ig-image\">\n\t\t\t\t\t\t\t\t\t<a itemprop=\"image\" class=\"edgtf-ig-lightbox edgtf-block-drag-link\" href=\"https:\/\/etierrayespacio.com\/wp-content\/uploads\/2020\/03\/ESCANER-DIBUJOS-16.jpg\" data-rel=\"prettyPhoto[image_gallery_pretty_photo-213]\" title=\"ESCANER&#8211;DIBUJOS-16\">\n\t\t\t\t\t\t\t\t\t<img loading=\"lazy\" decoding=\"async\" src=\"https:\/\/etierrayespacio.com\/wp-content\/uploads\/2020\/03\/ESCANER-DIBUJOS-16-725x725.jpg\" alt=\"\" width=\"725\" height=\"725\" \/>\t\t\t\t\t\t\t\t\t<\/a>\n\t\t\t\t\t\t\t<\/div>\n\t\t\t\t\t<div class=\"edgtf-ig-image\">\n\t\t\t\t\t\t\t\t\t<a itemprop=\"image\" class=\"edgtf-ig-lightbox edgtf-block-drag-link\" href=\"https:\/\/etierrayespacio.com\/wp-content\/uploads\/2020\/03\/6.jpg\" data-rel=\"prettyPhoto[image_gallery_pretty_photo-213]\" title=\"6\">\n\t\t\t\t\t\t\t\t\t<img loading=\"lazy\" decoding=\"async\" src=\"https:\/\/etierrayespacio.com\/wp-content\/uploads\/2020\/03\/6-725x725.jpg\" alt=\"\" width=\"725\" height=\"725\" \/>\t\t\t\t\t\t\t\t\t<\/a>\n\t\t\t\t\t\t\t<\/div>\n\t\t\t\t\t<div class=\"edgtf-ig-image\">\n\t\t\t\t\t\t\t\t\t<a itemprop=\"image\" class=\"edgtf-ig-lightbox edgtf-block-drag-link\" href=\"https:\/\/etierrayespacio.com\/wp-content\/uploads\/2020\/03\/2-2.jpg\" data-rel=\"prettyPhoto[image_gallery_pretty_photo-213]\" title=\"2\">\n\t\t\t\t\t\t\t\t\t<img loading=\"lazy\" decoding=\"async\" src=\"https:\/\/etierrayespacio.com\/wp-content\/uploads\/2020\/03\/2-2-725x725.jpg\" alt=\"\" width=\"725\" height=\"725\" \/>\t\t\t\t\t\t\t\t\t<\/a>\n\t\t\t\t\t\t\t<\/div>\n\t\t\t\t\t<div class=\"edgtf-ig-image\">\n\t\t\t\t\t\t\t\t\t<a itemprop=\"image\" class=\"edgtf-ig-lightbox edgtf-block-drag-link\" href=\"https:\/\/etierrayespacio.com\/wp-content\/uploads\/2020\/03\/7-2.jpg\" data-rel=\"prettyPhoto[image_gallery_pretty_photo-213]\" title=\"7\">\n\t\t\t\t\t\t\t\t\t<img loading=\"lazy\" decoding=\"async\" src=\"https:\/\/etierrayespacio.com\/wp-content\/uploads\/2020\/03\/7-2-725x725.jpg\" alt=\"\" width=\"725\" height=\"725\" \/>\t\t\t\t\t\t\t\t\t<\/a>\n\t\t\t\t\t\t\t<\/div>\n\t\t\t\t\t<div class=\"edgtf-ig-image\">\n\t\t\t\t\t\t\t\t\t<a itemprop=\"image\" class=\"edgtf-ig-lightbox edgtf-block-drag-link\" href=\"https:\/\/etierrayespacio.com\/wp-content\/uploads\/2020\/03\/8-1.jpg\" data-rel=\"prettyPhoto[image_gallery_pretty_photo-213]\" title=\"8\">\n\t\t\t\t\t\t\t\t\t<img loading=\"lazy\" decoding=\"async\" src=\"https:\/\/etierrayespacio.com\/wp-content\/uploads\/2020\/03\/8-1-725x725.jpg\" alt=\"\" width=\"725\" height=\"725\" \/>\t\t\t\t\t\t\t\t\t<\/a>\n\t\t\t\t\t\t\t<\/div>\n\t\t\t\t\t<div class=\"edgtf-ig-image\">\n\t\t\t\t\t\t\t\t\t<a itemprop=\"image\" class=\"edgtf-ig-lightbox edgtf-block-drag-link\" href=\"https:\/\/etierrayespacio.com\/wp-content\/uploads\/2020\/03\/10-1.jpg\" data-rel=\"prettyPhoto[image_gallery_pretty_photo-213]\" title=\"10\">\n\t\t\t\t\t\t\t\t\t<img loading=\"lazy\" decoding=\"async\" src=\"https:\/\/etierrayespacio.com\/wp-content\/uploads\/2020\/03\/10-1-725x725.jpg\" alt=\"\" width=\"725\" height=\"725\" \/>\t\t\t\t\t\t\t\t\t<\/a>\n\t\t\t\t\t\t\t<\/div>\n\t\t\t<\/div>\n<\/div>[\/vc_column_inner][\/vc_row_inner]\t\t<\/div>\n\t<\/div>\n<\/div><\/div>[\/vc_column][\/vc_row][vc_row][vc_column][vc_empty_space height=&#8221;50px&#8221;][\/vc_column][\/vc_row]<\/p>\n","protected":false},"excerpt":{"rendered":"<p>[vc_row][vc_column][vc_empty_space height=&#8221;52px&#8221;][\/vc_column][\/vc_row][vc_row][vc_column width=&#8221;2\/3&#8243;][vc_single_image image=&#8221;4813&#8243; img_size=&#8221;full&#8221;][\/vc_column][vc_column width=&#8221;1\/3&#8243; css=&#8221;.vc_custom_1584447045247{margin-top: 150px !important;}&#8221;][vc_column_text] VERTICALIT\u00c9 ___ INGRAVITY ___ H\u00c9T\u00c9ROG\u00c9N\u00c9IT\u00c9 ___ [\/vc_column_text][\/vc_column][\/vc_row][vc_row][vc_column][vc_empty_space height=&#8221;52px&#8221;][\/vc_column][\/vc_row][vc_row full_width=&#8221;stretch_row_content&#8221; css=&#8221;.vc_custom_1584458151681{padding-right: 10% !important;padding-left: 10% !important;}&#8221;][vc_column][\/vc_column][\/vc_row][vc_row][vc_column][vc_empty_space height=&#8221;50px&#8221;][\/vc_column][\/vc_row][vc_row][vc_column width=&#8221;1\/3&#8243; css=&#8221;.vc_custom_1584549556086{margin-top: 80px !important;}&#8221;][vc_column_text] reconstruire l&#8217;avenir___ [\/vc_column_text][\/vc_column][vc_column width=&#8221;2\/3&#8243;][vc_single_image image=&#8221;5266&#8243; img_size=&#8221;full&#8221;][\/vc_column][\/vc_row][vc_row][vc_column][vc_empty_space height=&#8221;50px&#8221;][\/vc_column][\/vc_row][vc_row full_width=&#8221;stretch_row_content&#8221; css=&#8221;.vc_custom_1584458151681{padding-right: 10% !important;padding-left: 10% [&hellip;]<\/p>\n","protected":false},"author":1,"featured_media":5062,"parent":0,"menu_order":0,"comment_status":"closed","ping_status":"closed","template":"","meta":{"footnotes":""},"class_list":["post-5071","page","type-page","status-publish","has-post-thumbnail","hentry"],"lang":"fr","translations":{"fr":5071,"es":5033,"en":5070},"yoast_head":"<!-- This site is optimized with the Yoast SEO plugin v14.3 - https:\/\/yoast.com\/wordpress\/plugins\/seo\/ -->\n<title>... analys\u00e9 - Arquitectura Tierra y Espacio<\/title>\n<meta name=\"robots\" content=\"index, follow\" \/>\n<meta name=\"googlebot\" content=\"index, follow, max-snippet:-1, max-image-preview:large, max-video-preview:-1\" \/>\n<meta name=\"bingbot\" content=\"index, follow, max-snippet:-1, max-image-preview:large, max-video-preview:-1\" \/>\n<link rel=\"canonical\" href=\"https:\/\/etierrayespacio.com\/?page_id=5071&#038;lang=fr\" \/>\n<meta property=\"og:locale\" content=\"es_ES\" \/>\n<meta property=\"og:type\" content=\"article\" \/>\n<meta property=\"og:title\" content=\"... analys\u00e9 - Arquitectura Tierra y Espacio\" \/>\n<meta property=\"og:description\" content=\"[vc_row][vc_column][vc_empty_space height=&#8221;52px&#8221;][\/vc_column][\/vc_row][vc_row][vc_column width=&#8221;2\/3&#8243;][vc_single_image image=&#8221;4813&#8243; img_size=&#8221;full&#8221;][\/vc_column][vc_column width=&#8221;1\/3&#8243; css=&#8221;.vc_custom_1584447045247{margin-top: 150px !important;}&#8221;][vc_column_text] VERTICALIT\u00c9 ___ INGRAVITY ___ H\u00c9T\u00c9ROG\u00c9N\u00c9IT\u00c9 ___ [\/vc_column_text][\/vc_column][\/vc_row][vc_row][vc_column][vc_empty_space height=&#8221;52px&#8221;][\/vc_column][\/vc_row][vc_row full_width=&#8221;stretch_row_content&#8221; css=&#8221;.vc_custom_1584458151681{padding-right: 10% !important;padding-left: 10% !important;}&#8221;][vc_column][\/vc_column][\/vc_row][vc_row][vc_column][vc_empty_space height=&#8221;50px&#8221;][\/vc_column][\/vc_row][vc_row][vc_column width=&#8221;1\/3&#8243; css=&#8221;.vc_custom_1584549556086{margin-top: 80px !important;}&#8221;][vc_column_text] reconstruire l&#8217;avenir___ [\/vc_column_text][\/vc_column][vc_column width=&#8221;2\/3&#8243;][vc_single_image image=&#8221;5266&#8243; img_size=&#8221;full&#8221;][\/vc_column][\/vc_row][vc_row][vc_column][vc_empty_space height=&#8221;50px&#8221;][\/vc_column][\/vc_row][vc_row full_width=&#8221;stretch_row_content&#8221; css=&#8221;.vc_custom_1584458151681{padding-right: 10% !important;padding-left: 10% [&hellip;]\" \/>\n<meta property=\"og:url\" content=\"https:\/\/etierrayespacio.com\/?page_id=5071&amp;lang=fr\" \/>\n<meta property=\"og:site_name\" content=\"Arquitectura Tierra y Espacio\" \/>\n<meta property=\"article:modified_time\" content=\"2020-03-18T16:57:18+00:00\" \/>\n<meta property=\"og:image\" content=\"https:\/\/etierrayespacio.com\/wp-content\/uploads\/2020\/03\/DSCF6337.jpg\" \/>\n\t<meta property=\"og:image:width\" content=\"1251\" \/>\n\t<meta property=\"og:image:height\" content=\"801\" \/>\n<meta name=\"twitter:card\" content=\"summary_large_image\" \/>\n<script type=\"application\/ld+json\" class=\"yoast-schema-graph\">{\"@context\":\"https:\/\/schema.org\",\"@graph\":[{\"@type\":\"WebSite\",\"@id\":\"https:\/\/etierrayespacio.com\/#website\",\"url\":\"https:\/\/etierrayespacio.com\/\",\"name\":\"Arquitectura Tierra y Espacio\",\"description\":\"El Espacio visto desde la Arquitectura.\",\"potentialAction\":[{\"@type\":\"SearchAction\",\"target\":\"https:\/\/etierrayespacio.com\/?s={search_term_string}\",\"query-input\":\"required name=search_term_string\"}],\"inLanguage\":\"es\"},{\"@type\":\"ImageObject\",\"@id\":\"https:\/\/etierrayespacio.com\/?page_id=5071&lang=fr#primaryimage\",\"inLanguage\":\"es\",\"url\":\"https:\/\/etierrayespacio.com\/wp-content\/uploads\/2020\/03\/DSCF6337.jpg\",\"width\":1251,\"height\":801},{\"@type\":\"WebPage\",\"@id\":\"https:\/\/etierrayespacio.com\/?page_id=5071&lang=fr#webpage\",\"url\":\"https:\/\/etierrayespacio.com\/?page_id=5071&lang=fr\",\"name\":\"... analys\\u00e9 - Arquitectura Tierra y Espacio\",\"isPartOf\":{\"@id\":\"https:\/\/etierrayespacio.com\/#website\"},\"primaryImageOfPage\":{\"@id\":\"https:\/\/etierrayespacio.com\/?page_id=5071&lang=fr#primaryimage\"},\"datePublished\":\"2020-03-17T11:07:55+00:00\",\"dateModified\":\"2020-03-18T16:57:18+00:00\",\"inLanguage\":\"es\",\"potentialAction\":[{\"@type\":\"ReadAction\",\"target\":[\"https:\/\/etierrayespacio.com\/?page_id=5071&lang=fr\"]}]}]}<\/script>\n<!-- \/ Yoast SEO plugin. -->","pll_sync_post":[],"_links":{"self":[{"href":"https:\/\/etierrayespacio.com\/index.php?rest_route=\/wp\/v2\/pages\/5071","targetHints":{"allow":["GET"]}}],"collection":[{"href":"https:\/\/etierrayespacio.com\/index.php?rest_route=\/wp\/v2\/pages"}],"about":[{"href":"https:\/\/etierrayespacio.com\/index.php?rest_route=\/wp\/v2\/types\/page"}],"author":[{"embeddable":true,"href":"https:\/\/etierrayespacio.com\/index.php?rest_route=\/wp\/v2\/users\/1"}],"replies":[{"embeddable":true,"href":"https:\/\/etierrayespacio.com\/index.php?rest_route=%2Fwp%2Fv2%2Fcomments&post=5071"}],"version-history":[{"count":4,"href":"https:\/\/etierrayespacio.com\/index.php?rest_route=\/wp\/v2\/pages\/5071\/revisions"}],"predecessor-version":[{"id":5499,"href":"https:\/\/etierrayespacio.com\/index.php?rest_route=\/wp\/v2\/pages\/5071\/revisions\/5499"}],"wp:featuredmedia":[{"embeddable":true,"href":"https:\/\/etierrayespacio.com\/index.php?rest_route=\/wp\/v2\/media\/5062"}],"wp:attachment":[{"href":"https:\/\/etierrayespacio.com\/index.php?rest_route=%2Fwp%2Fv2%2Fmedia&parent=5071"}],"curies":[{"name":"wp","href":"https:\/\/api.w.org\/{rel}","templated":true}]}}